{"id":26,"date":"2021-03-13T19:47:35","date_gmt":"2021-03-13T19:47:35","guid":{"rendered":"http:\/\/lasreinas.mx\/?page_id=26"},"modified":"2021-06-15T10:24:38","modified_gmt":"2021-06-15T16:24:38","slug":"home","status":"publish","type":"page","link":"https:\/\/lasreinas.mx\/es\/","title":{"rendered":"Home"},"content":{"rendered":"<div id=\"colecciones\" class=\"wp-block-group\"><div class=\"wp-block-group__inner-container is-layout-flow wp-block-group-is-layout-flow\"><figure class=\"wp-block-image size-full\"><img loading=\"lazy\" decoding=\"async\" width=\"2732\" height=\"1534\" src=\"http:\/\/lasreinas.mx\/wp-content\/uploads\/2021\/04\/03.Mieles_sin_fondo.png\" alt=\"\" class=\"wp-image-351\" \/><\/figure>\n\n<div class=\"wp-block-group mieles\"><div class=\"wp-block-group__inner-container is-layout-flow wp-block-group-is-layout-flow\"><figure class=\"wp-block-image size-large\"><img loading=\"lazy\" decoding=\"async\" width=\"56\" height=\"52\" src=\"http:\/\/lasreinas.mx\/wp-content\/uploads\/2021\/04\/Abeja-completa_blanca_09.svg\" alt=\"\" class=\"wp-image-352\" \/><\/figure>\n\n<h2 class=\"wp-block-heading\">Contamos con cuatro colecciones de mieles naturales, y m\u00e1s de veinte tipos de floraciones, las cuales provienen de aproximadamente quince estados de la Rep\u00fablica mexicana.<\/h2>\n\n<div class=\"wp-block-buttons is-layout-flex wp-block-buttons-is-layout-flex\"><div class=\"wp-block-button rect\"><a class=\"wp-block-button__link\" href=\"http:\/\/lasreinas.mx\/es\/productos\/\">Conoce m\u00e1s<\/a><\/div><\/div><\/div><\/div><\/div><\/div><div class=\"wp-block-columns is-layout-flex wp-container-core-columns-is-layout-9d6595d7 wp-block-columns-is-layout-flex\" id=\"altacalidad\"><div class=\"wp-block-column is-layout-flow wp-block-column-is-layout-flow\"><div class=\"wp-block-group vc\"><div class=\"wp-block-group__inner-container is-layout-flow wp-block-group-is-layout-flow\"><h2 class=\"wp-block-heading\">Alta calidad y apoyo a las comunidades locales<\/h2>\n\n<p>En 2016, bajo el compromiso de aportar un alimento natural, nutritivo y sin caducidad a la gastronom\u00eda mexicana, nace Las Reinas Boutique Ap\u00edcola, en apoyo a las comunidades y productores locales de miel en M\u00e9xico.<\/p>\n\n<div class=\"wp-block-buttons is-layout-flex wp-block-buttons-is-layout-flex\"><div class=\"wp-block-button bee\"><a class=\"wp-block-button__link\" href=\"http:\/\/lasreinas.mx\/es\/origen\/\">Conoce m\u00e1s<\/a><\/div><\/div><\/div><\/div><\/div>\n\n<div class=\"wp-block-column is-layout-flow wp-block-column-is-layout-flow\"><figure class=\"wp-block-image size-full right\"><img loading=\"lazy\" decoding=\"async\" width=\"499\" height=\"673\" src=\"http:\/\/lasreinas.mx\/wp-content\/uploads\/2021\/03\/04_Bolsa_mieles.jpg\" alt=\"\" class=\"wp-image-187\" \/><\/figure><\/div><\/div>","protected":false},"excerpt":{"rendered":"<p>Contamos con cuatro colecciones de mieles naturales, y m\u00e1s de veinte tipos de floraciones, las cuales provienen de aproximadamente quince estados de la Rep\u00fablica mexicana. Alta calidad y apoyo a las comunidades locales En 2016, bajo el compromiso de aportar un alimento natural, nutritivo y sin caducidad a la gastronom\u00eda mexicana, nace Las Reinas Boutique [&hellip;]<\/p>\n","protected":false},"author":9,"featured_media":0,"parent":0,"menu_order":0,"comment_status":"closed","ping_status":"closed","template":"","meta":{"footnotes":""},"class_list":["post-26","page","type-page","status-publish","hentry"],"_links":{"self":[{"href":"https:\/\/lasreinas.mx\/es\/wp-json\/wp\/v2\/pages\/26","targetHints":{"allow":["GET"]}}],"collection":[{"href":"https:\/\/lasreinas.mx\/es\/wp-json\/wp\/v2\/pages"}],"about":[{"href":"https:\/\/lasreinas.mx\/es\/wp-json\/wp\/v2\/types\/page"}],"author":[{"embeddable":true,"href":"https:\/\/lasreinas.mx\/es\/wp-json\/wp\/v2\/users\/9"}],"replies":[{"embeddable":true,"href":"https:\/\/lasreinas.mx\/es\/wp-json\/wp\/v2\/comments?post=26"}],"version-history":[{"count":15,"href":"https:\/\/lasreinas.mx\/es\/wp-json\/wp\/v2\/pages\/26\/revisions"}],"predecessor-version":[{"id":485,"href":"https:\/\/lasreinas.mx\/es\/wp-json\/wp\/v2\/pages\/26\/revisions\/485"}],"wp:attachment":[{"href":"https:\/\/lasreinas.mx\/es\/wp-json\/wp\/v2\/media?parent=26"}],"curies":[{"name":"wp","href":"https:\/\/api.w.org\/{rel}","templated":true}]}}